{"id":363,"date":"2023-12-15T07:47:19","date_gmt":"2023-12-15T07:47:19","guid":{"rendered":"https:\/\/academy.blackpointam.com\/ac\/?page_id=363"},"modified":"2024-05-27T19:39:34","modified_gmt":"2024-05-27T19:39:34","slug":"nosotros","status":"publish","type":"page","link":"https:\/\/academy.blackpointam.com\/ac\/nosotros\/","title":{"rendered":"Nosotros"},"content":{"rendered":"\t\t<div data-elementor-type=\"wp-page\" data-elementor-id=\"363\" class=\"elementor elementor-363\">\n\t\t\t\t<div class=\"elementor-element elementor-element-c9fc7e5 e-flex e-con-boxed e-con e-parent\" data-id=\"c9fc7e5\" data-element_type=\"container\" data-e-type=\"container\">\n\t\t\t\t\t<div class=\"e-con-inner\">\n\t\t\t\t<div class=\"elementor-element elementor-element-f8013d7 elementor-widget elementor-widget-image\" data-id=\"f8013d7\" data-element_type=\"widget\" data-e-type=\"widget\" data-widget_type=\"image.default\">\n\t\t\t\t<div class=\"elementor-widget-container\">\n\t\t\t\t\t\t\t\t\t\t\t\t\t\t\t<img fetchpriority=\"high\" decoding=\"async\" width=\"2688\" height=\"1810\" src=\"https:\/\/academy.blackpointam.com\/ac\/wp-content\/uploads\/2024\/05\/bp006-1.png\" class=\"attachment-full size-full wp-image-690\" alt=\"\" srcset=\"https:\/\/academy.blackpointam.com\/ac\/wp-content\/uploads\/2024\/05\/bp006-1.png 2688w, https:\/\/academy.blackpointam.com\/ac\/wp-content\/uploads\/2024\/05\/bp006-1-300x202.png 300w, https:\/\/academy.blackpointam.com\/ac\/wp-content\/uploads\/2024\/05\/bp006-1-1024x690.png 1024w, https:\/\/academy.blackpointam.com\/ac\/wp-content\/uploads\/2024\/05\/bp006-1-768x517.png 768w, https:\/\/academy.blackpointam.com\/ac\/wp-content\/uploads\/2024\/05\/bp006-1-1536x1034.png 1536w, https:\/\/academy.blackpointam.com\/ac\/wp-content\/uploads\/2024\/05\/bp006-1-2048x1379.png 2048w, https:\/\/academy.blackpointam.com\/ac\/wp-content\/uploads\/2024\/05\/bp006-1-540x364.png 540w, https:\/\/academy.blackpointam.com\/ac\/wp-content\/uploads\/2024\/05\/bp006-1-1080x727.png 1080w, https:\/\/academy.blackpointam.com\/ac\/wp-content\/uploads\/2024\/05\/bp006-1-1980x1333.png 1980w\" sizes=\"(max-width: 2688px) 100vw, 2688px\" \/>\t\t\t\t\t\t\t\t\t\t\t\t\t\t\t<\/div>\n\t\t\t\t<\/div>\n\t\t\t\t<div class=\"elementor-element elementor-element-9df0435 elementor-widget elementor-widget-heading\" data-id=\"9df0435\" data-element_type=\"widget\" data-e-type=\"widget\" data-widget_type=\"heading.default\">\n\t\t\t\t<div class=\"elementor-widget-container\">\n\t\t\t\t\t<h2 class=\"elementor-heading-title elementor-size-default\">Nosotros<\/h2>\t\t\t\t<\/div>\n\t\t\t\t<\/div>\n\t\t\t\t<div class=\"elementor-element elementor-element-97024de elementor-widget elementor-widget-heading\" data-id=\"97024de\" data-element_type=\"widget\" data-e-type=\"widget\" data-widget_type=\"heading.default\">\n\t\t\t\t<div class=\"elementor-widget-container\">\n\t\t\t\t\t<h2 class=\"elementor-heading-title elementor-size-default\">Dedicados y comprometidos<\/h2>\t\t\t\t<\/div>\n\t\t\t\t<\/div>\n\t\t\t\t<div class=\"elementor-element elementor-element-d0c623b elementor-widget elementor-widget-text-editor\" data-id=\"d0c623b\" data-element_type=\"widget\" data-e-type=\"widget\" data-widget_type=\"text-editor.default\">\n\t\t\t\t<div class=\"elementor-widget-container\">\n\t\t\t\t\t\t\t\t\t<p>Por m\u00e1s de 11 a\u00f1os, para llevar un mensaje de libertad financiera al p\u00fablico en general, con \u00e9nfasis en los j\u00f3venes y adultos mayores, el fondo de Inversi\u00f3n privada Blackpoint, dise\u00f1a, promueve y presenta cursos y conferencias con los cu\u00e1les cumpla su meta social, de superar el atraso en nuestro pa\u00eds, M\u00e9xico, en cultura financiera.<\/p>\t\t\t\t\t\t\t\t<\/div>\n\t\t\t\t<\/div>\n\t\t\t\t<div class=\"elementor-element elementor-element-efd2015 elementor-widget elementor-widget-text-editor\" data-id=\"efd2015\" data-element_type=\"widget\" data-e-type=\"widget\" data-widget_type=\"text-editor.default\">\n\t\t\t\t<div class=\"elementor-widget-container\">\n\t\t\t\t\t\t\t\t\t<p>Convencidos que la cultura financiera representa una genuina revoluci\u00f3n social, a trav\u00e9s de impactar el n\u00facleo b\u00e1sico social <em>&#8211; la familia &#8211;<\/em>, construyendo visi\u00f3n de vida personal, impactamos la vida del individuo, a trav\u00e9s de articular de una forma clara y pr\u00e1ctica informaci\u00f3n ver\u00e1s y documentada. El participante es capaz de generar respuestas y construir un camino real hacia un futuro antes no posible, evaluando diversas opciones que en su trayecto de vida se presentar\u00e1n como oportunidades o riesgos calculados, que impulsen su desarrollo financiero personal hacia la libertad,\u00a0alterando la relaci\u00f3n del individuo con el concepto del dinero y retirando \u00e9sta variable de su vida.<\/p>\t\t\t\t\t\t\t\t<\/div>\n\t\t\t\t<\/div>\n\t\t\t\t\t<\/div>\n\t\t\t\t<\/div>\n\t\t\t\t<\/div>\n\t\t","protected":false},"excerpt":{"rendered":"<p>Nosotros Dedicados y comprometidos Por m\u00e1s de 11 a\u00f1os, para llevar un mensaje de libertad financiera al p\u00fablico en general, con \u00e9nfasis en los j\u00f3venes y adultos mayores,&hellip;<\/p>\n","protected":false},"author":1,"featured_media":0,"parent":0,"menu_order":0,"comment_status":"closed","ping_status":"closed","template":"","meta":{"footnotes":""},"class_list":["post-363","page","type-page","status-publish","has-post-thumbnail","hentry"],"_links":{"self":[{"href":"https:\/\/academy.blackpointam.com\/ac\/wp-json\/wp\/v2\/pages\/363","targetHints":{"allow":["GET"]}}],"collection":[{"href":"https:\/\/academy.blackpointam.com\/ac\/wp-json\/wp\/v2\/pages"}],"about":[{"href":"https:\/\/academy.blackpointam.com\/ac\/wp-json\/wp\/v2\/types\/page"}],"author":[{"embeddable":true,"href":"https:\/\/academy.blackpointam.com\/ac\/wp-json\/wp\/v2\/users\/1"}],"replies":[{"embeddable":true,"href":"https:\/\/academy.blackpointam.com\/ac\/wp-json\/wp\/v2\/comments?post=363"}],"version-history":[{"count":22,"href":"https:\/\/academy.blackpointam.com\/ac\/wp-json\/wp\/v2\/pages\/363\/revisions"}],"predecessor-version":[{"id":693,"href":"https:\/\/academy.blackpointam.com\/ac\/wp-json\/wp\/v2\/pages\/363\/revisions\/693"}],"wp:attachment":[{"href":"https:\/\/academy.blackpointam.com\/ac\/wp-json\/wp\/v2\/media?parent=363"}],"curies":[{"name":"wp","href":"https:\/\/api.w.org\/{rel}","templated":true}]}}